{"id":1913,"date":"2018-09-14T09:11:53","date_gmt":"2018-09-14T07:11:53","guid":{"rendered":"https:\/\/jardin-mett.ch\/buero\/"},"modified":"2023-04-06T11:13:52","modified_gmt":"2023-04-06T09:13:52","slug":"bureau","status":"publish","type":"page","link":"https:\/\/jardin-mett.ch\/fr\/bureau\/","title":{"rendered":"Bureau"},"content":{"rendered":"<div class=\"wpb-content-wrapper\"><p>[vc_row css=&#8221;.vc_custom_1538140468467{padding-top: 120px !important;}&#8221;][vc_column]<div class=\"title\"><h2 style=\"color:\" class=\"head-fancy \"><span> Bureau<\/span><\/h2><\/div>[vc_column_text css=&#8221;.vc_custom_1540475044542{margin-top: -20px !important;padding-bottom: 15px !important;}&#8221;]<\/p>\n<div class=\"page\" title=\"Page 5\">\n<div class=\"page\" style=\"text-align: center;\" title=\"Page 5\"><span lang=\"DE-CH\">Jardin Mett propose un bureau spacieux au rez-de-chauss\u00e9e.<\/span><\/div>\n<div class=\"page\" style=\"text-align: center;\" title=\"Page 5\"><strong><span style=\"text-align: center;\"><span lang=\"DE-CH\">Bureau <\/span> | SNH\u00a0<\/span>119.23 m<sup>2<\/sup><\/strong><\/div>\n<\/div>\n<p>[\/vc_column_text][vc_tta_tabs shape=&#8221;square&#8221; color=&#8221;sky&#8221; spacing=&#8221;10&#8243; gap=&#8221;35&#8243; alignment=&#8221;center&#8221; active_section=&#8221;1&#8243; no_fill_content_area=&#8221;true&#8221; el_class=&#8221;floor-plan-tab&#8221;][vc_tta_section title=&#8221;Rez-de-chauss\u00e9e&#8221; tab_id=&#8221;1509872607736-fe57c076-9401&#8243;][vc_row_inner][vc_column_inner width=&#8221;3\/12&#8243;][vc_column_text]<\/p>\n<h5>Rez-de-chauss\u00e9e<\/h5>\n<p>Au rez-de-chauss\u00e9e, il y a un bureau.<\/p>\n<div class=\"download-part download-fullest\">\n<div class=\"construction-plan-info\">\n<h5>D\u00e9tails du bureau<\/h5>\n<p><strong><b><span lang=\"DE-CH\">Surface <\/span><\/b> <\/strong><strong>119.23m<sup>2<\/sup><\/strong><\/p>\n<\/div>\n<div class=\"construction-plan-sub-info\">\u2013 <span lang=\"DE-CH\">Atelier <\/span> | 40.72m<sup>2<\/sup><\/div>\n<div class=\"construction-plan-sub-info\">\u2013 <span lang=\"DE-CH\">R\u00e9duit 1\u00a0<\/span>| 5.00m<sup>2<\/sup><\/div>\n<div class=\"construction-plan-sub-info\">\u2013 <span lang=\"DE-CH\">R\u00e9duit<\/span> 2| 2.83m<sup>2<\/sup><br \/>\n\u2013 <span lang=\"DE-CH\">Bureau 1<\/span>\u00a0| 20.43m<sup>2<\/sup><\/div>\n<div class=\"construction-plan-sub-info\">\u2013 <span lang=\"DE-CH\">Bureau 2<\/span>\u00a0| 18.53m<sup>2<\/sup><\/div>\n<div class=\"construction-plan-sub-info\">\u2013 <span lang=\"DE-CH\">Archive <\/span> | 26.43m<sup>2<\/sup><br \/>\n\u2013 WC\/<span lang=\"DE-CH\">Douche 1\u00a0<\/span>| 4.40m<sup>2<\/sup><\/div>\n<div>\u2013 WC\/<span lang=\"DE-CH\">Douche 2\u00a0<\/span>| 3.95m<sup>2<\/sup><\/div>\n<div class=\"construction-plan-sub-info\">\u2013 <span lang=\"DE-CH\">Place ext\u00e9rieure <\/span> | 6.80m<sup>2<\/sup><\/div>\n<div>\n<div class=\"construction-plan-info\"><\/div>\n<\/div>\n<\/div>\n<p>[\/vc_column_text][\/vc_column_inner][vc_column_inner width=&#8221;6\/12&#8243;][vc_single_image image=&#8221;1606&#8243; img_size=&#8221;full&#8221; alignment=&#8221;center&#8221;][\/vc_column_inner][vc_column_inner width=&#8221;3\/12&#8243;][vc_column_text]<\/p>\n<h5 style=\"text-align: left;\">Documents<\/h5>\n<p style=\"text-align: left;\"><img loading=\"lazy\" decoding=\"async\" class=\"alignleft size-full wp-image-1512\" title=\"Offre de location actuelle Jardin Mett (PDF, 40KB)\" src=\"\/wp-content\/uploads\/2018\/09\/pdf-fav-35.png\" alt=\"Offre de location actuelle Jardin Mett (PDF, 40KB)\" width=\"20\" height=\"19\" srcset=\"https:\/\/jardin-mett.ch\/wp-content\/uploads\/2018\/09\/pdf-fav-35.png 35w, https:\/\/jardin-mett.ch\/wp-content\/uploads\/2018\/09\/pdf-fav-35-24x24.png 24w\" sizes=\"auto, (max-width: 20px) 100vw, 20px\" \/><\/p>\n<p><a class=\"document\" title=\"Offre de location actuelle Jardin Mett (PDF, 40KB)\" href=\"\/wp-content\/uploads\/2025\/02\/Offres-de-location-actuelles-Jardin-Mett-FR-ver-13022025.pdf\" target=\"_blank\" rel=\"noopener noreferrer\">Offre de location actuelle Jardin Mett (PDF, 40KB)<\/a><\/p>\n<p style=\"text-align: left;\"><img loading=\"lazy\" decoding=\"async\" class=\"alignleft size-full wp-image-1512\" title=\"Plan bureau (PDF, 392KB)\" src=\"https:\/\/www.jardin-mett.ch\/wp-content\/uploads\/2018\/09\/pdf-fav-35.png\" alt=\"Plan bureau (PDF, 392KB)\" width=\"20\" height=\"19\" srcset=\"https:\/\/jardin-mett.ch\/wp-content\/uploads\/2018\/09\/pdf-fav-35.png 35w, https:\/\/jardin-mett.ch\/wp-content\/uploads\/2018\/09\/pdf-fav-35-24x24.png 24w\" sizes=\"auto, (max-width: 20px) 100vw, 20px\" \/><\/p>\n<p><a class=\"document\" title=\"Plan bureau (PDF, 392KB)\" href=\"\/wp-content\/uploads\/2018\/10\/plan-de-bureau-rez-de-chaussee-jardin-mett.pdf\" target=\"_blank\" rel=\"noopener noreferrer\">Plan bureau (PDF, 392KB)<\/a><\/p>\n<p style=\"text-align: left;\"><img loading=\"lazy\" decoding=\"async\" class=\"alignleft size-full wp-image-1512\" title=\"Plan d\u2019\u00e9tage rez-de-chauss\u00e9e (PDF, 629KB)\" src=\"\/wp-content\/uploads\/2018\/09\/pdf-fav-35.png\" alt=\"Plan d\u2019\u00e9tage rez-de-chauss\u00e9e (PDF, 629KB)\" width=\"20\" height=\"19\" srcset=\"https:\/\/jardin-mett.ch\/wp-content\/uploads\/2018\/09\/pdf-fav-35.png 35w, https:\/\/jardin-mett.ch\/wp-content\/uploads\/2018\/09\/pdf-fav-35-24x24.png 24w\" sizes=\"auto, (max-width: 20px) 100vw, 20px\" \/><\/p>\n<p><a class=\"document\" title=\"Plan d\u2019\u00e9tage rez-de-chauss\u00e9e (PDF, 629KB)\" href=\"\/wp-content\/uploads\/2018\/10\/Plan-d\u2019\u00e9tage-rez-de-chauss\u00e9e-jardin-mett-bienne.pdf\" target=\"_blank\" rel=\"noopener noreferrer\">Plan d\u2019\u00e9tage rez-de-chauss\u00e9e (PDF, 629KB)<\/a><\/p>\n<p style=\"text-align: left;\"><img loading=\"lazy\" decoding=\"async\" class=\"alignleft size-full wp-image-1512\" title=\"Brochure Jardin-Mett (PDF, 8 pages, 2.2MB)\" src=\"\/wp-content\/uploads\/2018\/09\/pdf-fav-35.png\" alt=\"Brochure Jardin-Mett (PDF, 8 pages, 2.2MB)\" width=\"20\" height=\"19\" srcset=\"https:\/\/jardin-mett.ch\/wp-content\/uploads\/2018\/09\/pdf-fav-35.png 35w, https:\/\/jardin-mett.ch\/wp-content\/uploads\/2018\/09\/pdf-fav-35-24x24.png 24w\" sizes=\"auto, (max-width: 20px) 100vw, 20px\" \/><\/p>\n<p><a class=\"document\" title=\"Brochure Jardin-Mett (PDF, 8 pages, 2.2MB)\" href=\"\/wp-content\/uploads\/2018\/10\/Brochure-Jardin-Mett-FR.pdf\" target=\"_blank\" rel=\"noopener noreferrer\">Brochure Jardin-Mett (PDF, 8 pages, 2.2MB)<\/a>[\/vc_column_text][\/vc_column_inner][\/vc_row_inner][\/vc_tta_section][\/vc_tta_tabs][\/vc_column][\/vc_row][vc_row css=&#8221;.vc_custom_1509871098203{padding-top: 75px !important;}&#8221;][vc_column]<div class=\"title\"><h2 style=\"color:\" class=\"head-fancy \">Contact &amp;<span> location<\/span><\/h2><\/div>[vc_column_text css=&#8221;.vc_custom_1680772593761{margin-top: -20px !important;}&#8221;]<\/p>\n<p style=\"text-align: center;\"><a href=\"https:\/\/www.jardin-mett.ch\/wp-content\/uploads\/2025\/02\/Offres-de-location-actuelles-Jardin-Mett-FR-ver-13022025.pdf\" target=\"_blank\" rel=\"noopener noreferrer\"> <b>&#8211;&gt; Offres de location actuelles Jardin Mett (PDF, 176KB)<\/b><\/a><\/p>\n<p>[\/vc_column_text]\r\n\t\t<section class=\"contact-agent\">\r\n        \t<div class=\"row\">\r\n                <div class=\"col-md-8 col-sm-12 col-xs-12\">\r\n                    <div class=\"row\">\r\n                        <div class=\"col-md-6 col-sm-6 col-xs-12\">\r\n                            <div class=\"contact-agent-left\">\r\n                                <img decoding=\"async\" src=\"https:\/\/jardin-mett.ch\/wp-content\/uploads\/2023\/04\/Franziska-Bionda_Marfurt.png\" alt=\"Franziska Bionda | Immobilien-Bewirtschafterin | Marfurt AG Biel\">\r\n                                <div class=\"agent-path\"><\/div>\r\n                            <\/div>\r\n                        <\/div>\r\n                        <div class=\"col-md-6 col-sm-6 col-xs-12\">\r\n                            <div class=\"contact-agent-right\">\r\n                                <div class=\"agent-name\">\r\n                                    <h4>Franziska Bionda<\/h4>\r\n                                    <i>Administratrice de biens immobiliers<\/i>\r\n                                <\/div>\r\n                                <p>Je r\u00e9pondrai \u00e0 toutes vos questions avec plaisir et me r\u00e9jouis de pouvoir vous pr\u00e9senter les appartements ou l\u2019atelier encore disponibles. N\u2019h\u00e9sitez pas \u00e0 me contacter par t\u00e9l. ou mail.<\/p> \r\n                                <div class=\"about-call\">\r\n                                \t<a href=\"tel:T\u00e9l\u00e9phone: +41 (0)32 329 50 30\"><i class=\"fa fa-phone\" aria-hidden=\"true\"><\/i> T\u00e9l\u00e9phone: +41 (0)32 329 50 30<\/a>\r\n                                    <a href=\"mailto:admin@marfurt.ch\"><i class=\"fa fa-envelope\" aria-hidden=\"true\"><\/i> admin@marfurt.ch<\/a>\r\n                                <\/div>\r\n                            <\/div>\r\n                        <\/div>\r\n                    <\/div>\r\n                <\/div>\r\n                <div class=\"col-md-4 col-sm-12 col-xs-12\">\r\n                    \n<div class=\"wpcf7 no-js\" id=\"wpcf7-f1929-o1\" lang=\"de-DE\" dir=\"ltr\" data-wpcf7-id=\"1929\">\n<div class=\"screen-reader-response\"><p role=\"status\" aria-live=\"polite\" aria-atomic=\"true\"><\/p> <ul><\/ul><\/div>\n<form action=\"\/fr\/wp-json\/wp\/v2\/pages\/1913#wpcf7-f1929-o1\" method=\"post\" class=\"wpcf7-form init\" aria-label=\"Contact form\" novalidate=\"novalidate\" data-status=\"init\">\n<fieldset class=\"hidden-fields-container\"><input type=\"hidden\" name=\"_wpcf7\" value=\"1929\" \/><input type=\"hidden\" name=\"_wpcf7_version\" value=\"6.1.1\" \/><input type=\"hidden\" name=\"_wpcf7_locale\" value=\"de_DE\" \/><input type=\"hidden\" name=\"_wpcf7_unit_tag\" value=\"wpcf7-f1929-o1\" \/><input type=\"hidden\" name=\"_wpcf7_container_post\" value=\"0\" \/><input type=\"hidden\" name=\"_wpcf7_posted_data_hash\" value=\"\" \/><input type=\"hidden\" name=\"_wpcf7_recaptcha_response\" value=\"\" \/>\n<\/fieldset>\n<div class=\"wpcf7-response-output\" aria-hidden=\"true\"><\/div>\n<\/form>\n<\/div>\n\r\n                <\/div>\r\n            <\/div>            \r\n        <\/section>[\/vc_column][\/vc_row]<\/p>\n<\/div>","protected":false},"excerpt":{"rendered":"<p>[vc_row css=&#8221;.vc_custom_1538140468467{padding-top: 120px !important;}&#8221;][vc_column][vc_column_text css=&#8221;.vc_custom_1540475044542{margin-top: -20px !important;padding-bottom: 15px !important;}&#8221;] Jardin Mett propose un bureau spacieux au rez-de-chauss\u00e9e. Bureau | SNH\u00a0119.23 m2 [\/vc_column_text][vc_tta_tabs shape=&#8221;square&#8221; color=&#8221;sky&#8221; spacing=&#8221;10&#8243; gap=&#8221;35&#8243; alignment=&#8221;center&#8221; active_section=&#8221;1&#8243; no_fill_content_area=&#8221;true&#8221; el_class=&#8221;floor-plan-tab&#8221;][vc_tta_section title=&#8221;Rez-de-chauss\u00e9e&#8221; tab_id=&#8221;1509872607736-fe57c076-9401&#8243;][vc_row_inner][vc_column_inner width=&#8221;3\/12&#8243;][vc_column_text] Rez-de-chauss\u00e9e Au rez-de-chauss\u00e9e, il y a un bureau. D\u00e9tails du bureau Surface 119.23m2 \u2013 Atelier | 40.72m2 \u2013 R\u00e9duit 1\u00a0| 5.00m2 \u2013 [&hellip;]<\/p>\n","protected":false},"author":1,"featured_media":0,"parent":0,"menu_order":0,"comment_status":"closed","ping_status":"closed","template":"templates\/front-page.php","meta":{"footnotes":""},"class_list":["post-1913","page","type-page","status-publish","hentry"],"yoast_head":"<!-- This site is optimized with the Yoast SEO plugin v25.6 - https:\/\/yoast.com\/wordpress\/plugins\/seo\/ -->\n<title>Bureau | Jardin Mett<\/title>\n<meta name=\"robots\" content=\"index, follow, max-snippet:-1, max-image-preview:large, max-video-preview:-1\" \/>\n<link rel=\"canonical\" href=\"https:\/\/jardin-mett.ch\/buero\/\" \/>\n<meta property=\"og:locale\" content=\"fr_FR\" \/>\n<meta property=\"og:type\" content=\"article\" \/>\n<meta property=\"og:title\" content=\"Bureau | Jardin Mett\" \/>\n<meta property=\"og:description\" content=\"[vc_row css=&#8221;.vc_custom_1538140468467{padding-top: 120px !important;}&#8221;][vc_column][vc_column_text css=&#8221;.vc_custom_1540475044542{margin-top: -20px !important;padding-bottom: 15px !important;}&#8221;] Jardin Mett propose un bureau spacieux au rez-de-chauss\u00e9e. Bureau | SNH\u00a0119.23 m2 [\/vc_column_text][vc_tta_tabs shape=&#8221;square&#8221; color=&#8221;sky&#8221; spacing=&#8221;10&#8243; gap=&#8221;35&#8243; alignment=&#8221;center&#8221; active_section=&#8221;1&#8243; no_fill_content_area=&#8221;true&#8221; el_class=&#8221;floor-plan-tab&#8221;][vc_tta_section title=&#8221;Rez-de-chauss\u00e9e&#8221; tab_id=&#8221;1509872607736-fe57c076-9401&#8243;][vc_row_inner][vc_column_inner width=&#8221;3\/12&#8243;][vc_column_text] Rez-de-chauss\u00e9e Au rez-de-chauss\u00e9e, il y a un bureau. D\u00e9tails du bureau Surface 119.23m2 \u2013 Atelier | 40.72m2 \u2013 R\u00e9duit 1\u00a0| 5.00m2 \u2013 [&hellip;]\" \/>\n<meta property=\"og:url\" content=\"https:\/\/jardin-mett.ch\/buero\/\" \/>\n<meta property=\"og:site_name\" content=\"Jardin Mett\" \/>\n<meta property=\"article:modified_time\" content=\"2023-04-06T09:13:52+00:00\" \/>\n<meta property=\"og:image\" content=\"https:\/\/www.jardin-mett.ch\/wp-content\/uploads\/2018\/09\/pdf-fav-35.png\" \/>\n<meta name=\"twitter:card\" content=\"summary_large_image\" \/>\n<meta name=\"twitter:label1\" content=\"Est. reading time\" \/>\n\t<meta name=\"twitter:data1\" content=\"2 minutes\" \/>\n<script type=\"application\/ld+json\" class=\"yoast-schema-graph\">{\"@context\":\"https:\/\/schema.org\",\"@graph\":[{\"@type\":\"WebPage\",\"@id\":\"https:\/\/jardin-mett.ch\/buero\/\",\"url\":\"https:\/\/jardin-mett.ch\/buero\/\",\"name\":\"Bureau | Jardin Mett\",\"isPartOf\":{\"@id\":\"https:\/\/jardin-mett.ch\/#website\"},\"primaryImageOfPage\":{\"@id\":\"https:\/\/jardin-mett.ch\/buero\/#primaryimage\"},\"image\":{\"@id\":\"https:\/\/jardin-mett.ch\/buero\/#primaryimage\"},\"thumbnailUrl\":\"https:\/\/www.jardin-mett.ch\/wp-content\/uploads\/2018\/09\/pdf-fav-35.png\",\"datePublished\":\"2018-09-14T07:11:53+00:00\",\"dateModified\":\"2023-04-06T09:13:52+00:00\",\"breadcrumb\":{\"@id\":\"https:\/\/jardin-mett.ch\/buero\/#breadcrumb\"},\"inLanguage\":\"fr-CH\",\"potentialAction\":[{\"@type\":\"ReadAction\",\"target\":[\"https:\/\/jardin-mett.ch\/buero\/\"]}]},{\"@type\":\"ImageObject\",\"inLanguage\":\"fr-CH\",\"@id\":\"https:\/\/jardin-mett.ch\/buero\/#primaryimage\",\"url\":\"https:\/\/www.jardin-mett.ch\/wp-content\/uploads\/2018\/09\/pdf-fav-35.png\",\"contentUrl\":\"https:\/\/www.jardin-mett.ch\/wp-content\/uploads\/2018\/09\/pdf-fav-35.png\"},{\"@type\":\"BreadcrumbList\",\"@id\":\"https:\/\/jardin-mett.ch\/buero\/#breadcrumb\",\"itemListElement\":[{\"@type\":\"ListItem\",\"position\":1,\"name\":\"Startseite\",\"item\":\"https:\/\/jardin-mett.ch\/fr\/\"},{\"@type\":\"ListItem\",\"position\":2,\"name\":\"Bureau\"}]},{\"@type\":\"WebSite\",\"@id\":\"https:\/\/jardin-mett.ch\/#website\",\"url\":\"https:\/\/jardin-mett.ch\/\",\"name\":\"Jardin Mett\",\"description\":\"\",\"publisher\":{\"@id\":\"https:\/\/jardin-mett.ch\/#organization\"},\"potentialAction\":[{\"@type\":\"SearchAction\",\"target\":{\"@type\":\"EntryPoint\",\"urlTemplate\":\"https:\/\/jardin-mett.ch\/?s={search_term_string}\"},\"query-input\":{\"@type\":\"PropertyValueSpecification\",\"valueRequired\":true,\"valueName\":\"search_term_string\"}}],\"inLanguage\":\"fr-CH\"},{\"@type\":\"Organization\",\"@id\":\"https:\/\/jardin-mett.ch\/#organization\",\"name\":\"Jardin Mett | Rectimo AG Biel\/Bienne\",\"url\":\"https:\/\/jardin-mett.ch\/\",\"logo\":{\"@type\":\"ImageObject\",\"inLanguage\":\"fr-CH\",\"@id\":\"https:\/\/jardin-mett.ch\/#\/schema\/logo\/image\/\",\"url\":\"https:\/\/www.jardin-mett.ch\/wp-content\/uploads\/2018\/09\/Jardin-Mett-Logo-200.png\",\"contentUrl\":\"https:\/\/www.jardin-mett.ch\/wp-content\/uploads\/2018\/09\/Jardin-Mett-Logo-200.png\",\"width\":200,\"height\":59,\"caption\":\"Jardin Mett | Rectimo AG Biel\/Bienne\"},\"image\":{\"@id\":\"https:\/\/jardin-mett.ch\/#\/schema\/logo\/image\/\"}}]}<\/script>\n<!-- \/ Yoast SEO plugin. -->","yoast_head_json":{"title":"Bureau | Jardin Mett","robots":{"index":"index","follow":"follow","max-snippet":"max-snippet:-1","max-image-preview":"max-image-preview:large","max-video-preview":"max-video-preview:-1"},"canonical":"https:\/\/jardin-mett.ch\/buero\/","og_locale":"fr_FR","og_type":"article","og_title":"Bureau | Jardin Mett","og_description":"[vc_row css=&#8221;.vc_custom_1538140468467{padding-top: 120px !important;}&#8221;][vc_column][vc_column_text css=&#8221;.vc_custom_1540475044542{margin-top: -20px !important;padding-bottom: 15px !important;}&#8221;] Jardin Mett propose un bureau spacieux au rez-de-chauss\u00e9e. Bureau | SNH\u00a0119.23 m2 [\/vc_column_text][vc_tta_tabs shape=&#8221;square&#8221; color=&#8221;sky&#8221; spacing=&#8221;10&#8243; gap=&#8221;35&#8243; alignment=&#8221;center&#8221; active_section=&#8221;1&#8243; no_fill_content_area=&#8221;true&#8221; el_class=&#8221;floor-plan-tab&#8221;][vc_tta_section title=&#8221;Rez-de-chauss\u00e9e&#8221; tab_id=&#8221;1509872607736-fe57c076-9401&#8243;][vc_row_inner][vc_column_inner width=&#8221;3\/12&#8243;][vc_column_text] Rez-de-chauss\u00e9e Au rez-de-chauss\u00e9e, il y a un bureau. D\u00e9tails du bureau Surface 119.23m2 \u2013 Atelier | 40.72m2 \u2013 R\u00e9duit 1\u00a0| 5.00m2 \u2013 [&hellip;]","og_url":"https:\/\/jardin-mett.ch\/buero\/","og_site_name":"Jardin Mett","article_modified_time":"2023-04-06T09:13:52+00:00","og_image":[{"url":"https:\/\/www.jardin-mett.ch\/wp-content\/uploads\/2018\/09\/pdf-fav-35.png","type":"","width":"","height":""}],"twitter_card":"summary_large_image","twitter_misc":{"Est. reading time":"2 minutes"},"schema":{"@context":"https:\/\/schema.org","@graph":[{"@type":"WebPage","@id":"https:\/\/jardin-mett.ch\/buero\/","url":"https:\/\/jardin-mett.ch\/buero\/","name":"Bureau | Jardin Mett","isPartOf":{"@id":"https:\/\/jardin-mett.ch\/#website"},"primaryImageOfPage":{"@id":"https:\/\/jardin-mett.ch\/buero\/#primaryimage"},"image":{"@id":"https:\/\/jardin-mett.ch\/buero\/#primaryimage"},"thumbnailUrl":"https:\/\/www.jardin-mett.ch\/wp-content\/uploads\/2018\/09\/pdf-fav-35.png","datePublished":"2018-09-14T07:11:53+00:00","dateModified":"2023-04-06T09:13:52+00:00","breadcrumb":{"@id":"https:\/\/jardin-mett.ch\/buero\/#breadcrumb"},"inLanguage":"fr-CH","potentialAction":[{"@type":"ReadAction","target":["https:\/\/jardin-mett.ch\/buero\/"]}]},{"@type":"ImageObject","inLanguage":"fr-CH","@id":"https:\/\/jardin-mett.ch\/buero\/#primaryimage","url":"https:\/\/www.jardin-mett.ch\/wp-content\/uploads\/2018\/09\/pdf-fav-35.png","contentUrl":"https:\/\/www.jardin-mett.ch\/wp-content\/uploads\/2018\/09\/pdf-fav-35.png"},{"@type":"BreadcrumbList","@id":"https:\/\/jardin-mett.ch\/buero\/#breadcrumb","itemListElement":[{"@type":"ListItem","position":1,"name":"Startseite","item":"https:\/\/jardin-mett.ch\/fr\/"},{"@type":"ListItem","position":2,"name":"Bureau"}]},{"@type":"WebSite","@id":"https:\/\/jardin-mett.ch\/#website","url":"https:\/\/jardin-mett.ch\/","name":"Jardin Mett","description":"","publisher":{"@id":"https:\/\/jardin-mett.ch\/#organization"},"potentialAction":[{"@type":"SearchAction","target":{"@type":"EntryPoint","urlTemplate":"https:\/\/jardin-mett.ch\/?s={search_term_string}"},"query-input":{"@type":"PropertyValueSpecification","valueRequired":true,"valueName":"search_term_string"}}],"inLanguage":"fr-CH"},{"@type":"Organization","@id":"https:\/\/jardin-mett.ch\/#organization","name":"Jardin Mett | Rectimo AG Biel\/Bienne","url":"https:\/\/jardin-mett.ch\/","logo":{"@type":"ImageObject","inLanguage":"fr-CH","@id":"https:\/\/jardin-mett.ch\/#\/schema\/logo\/image\/","url":"https:\/\/www.jardin-mett.ch\/wp-content\/uploads\/2018\/09\/Jardin-Mett-Logo-200.png","contentUrl":"https:\/\/www.jardin-mett.ch\/wp-content\/uploads\/2018\/09\/Jardin-Mett-Logo-200.png","width":200,"height":59,"caption":"Jardin Mett | Rectimo AG Biel\/Bienne"},"image":{"@id":"https:\/\/jardin-mett.ch\/#\/schema\/logo\/image\/"}}]}},"_links":{"self":[{"href":"https:\/\/jardin-mett.ch\/fr\/wp-json\/wp\/v2\/pages\/1913","targetHints":{"allow":["GET"]}}],"collection":[{"href":"https:\/\/jardin-mett.ch\/fr\/wp-json\/wp\/v2\/pages"}],"about":[{"href":"https:\/\/jardin-mett.ch\/fr\/wp-json\/wp\/v2\/types\/page"}],"author":[{"embeddable":true,"href":"https:\/\/jardin-mett.ch\/fr\/wp-json\/wp\/v2\/users\/1"}],"replies":[{"embeddable":true,"href":"https:\/\/jardin-mett.ch\/fr\/wp-json\/wp\/v2\/comments?post=1913"}],"version-history":[{"count":14,"href":"https:\/\/jardin-mett.ch\/fr\/wp-json\/wp\/v2\/pages\/1913\/revisions"}],"predecessor-version":[{"id":2247,"href":"https:\/\/jardin-mett.ch\/fr\/wp-json\/wp\/v2\/pages\/1913\/revisions\/2247"}],"wp:attachment":[{"href":"https:\/\/jardin-mett.ch\/fr\/wp-json\/wp\/v2\/media?parent=1913"}],"curies":[{"name":"wp","href":"https:\/\/api.w.org\/{rel}","templated":true}]}}